{"id":786,"date":"2024-12-18T20:36:10","date_gmt":"2024-12-18T19:36:10","guid":{"rendered":"https:\/\/www.amazingspace.sk\/wpbc-booking\/"},"modified":"2024-12-18T20:36:10","modified_gmt":"2024-12-18T19:36:10","slug":"wpbc-booking","status":"publish","type":"page","link":"https:\/\/www.amazingspace.sk\/en\/wpbc-booking\/","title":{"rendered":"Rezerva\u010dn\u00fd formul\u00e1r"},"content":{"rendered":"<div id=\"form_id826641467490\"  class=\"wpbc_container wpbc_form wpbc_container_booking_form wpbc_theme_dark_1\" ><form  id=\"booking_form1\"   class=\"booking_form vertical\" method=\"post\" action=\"\" data-trp-original-action=\"\"><div id=\"ajax_respond_insert1\" class=\"ajax_respond_insert\" style=\"display:none;\"><\/div><a name=\"bklnk1\" id=\"bklnk1\"><\/a><div id=\"booking_form_div1\" class=\"booking_form_div\"><style type=\"text\/css\">.wpbc_container_booking_form .block_hints, .wpbc_booking_form_simple.wpbc_form_center .wpbc__form__div .wpbc__row.wpbc_r_calendar,  .wpbc_booking_form_simple .wpbc__form__div .wpbc__row:not(.wpbc_r_calendar){max-width:100%;} <\/style>\n<div class=\"wpbc_booking_form_simple\">\n  <div class=\"wpbc_wizard_step wpbc__form__div wpbc_wizard_step1\">\n\t\t<div class=\"wpbc__row\">\n\t\t\t<div style=\"margin-top:0;\" class=\"wpbc__field\"> \n\t<div class=\"wpbc_r_calendar wpbc__row\">\n      <div class=\"wpbc_r_calendar wpbc__field\">  <label for=\"calendar1\">D\u00e1tum*:<\/label><br><div class=\"wpbc_calendar_wraper wpbc_change_over_triangle\"><div class=\"wpbc_cal_container bk_calendar_frame wpbc_no_custom_width  months_num_in_row_ cal_month_num_1 wpbc_timeslot_day_bg_as_available\" style=\"\"><div id=\"calendar_booking1\">Calendar is loading...<\/div><\/div><div style=\"font-size:7px;text-align:left;margin:0 0 10px;text-shadow: none;\">Powered by <a href=\"https:\/\/wpbookingcalendar.com\" style=\"font-size:7px;\" target=\"_blank\" title=\"Booking Calendar plugin for WordPress\">Booking Calendar<\/a><\/div><textarea id=\"date_booking1\" name=\"date_booking1\" autocomplete=\"off\" style=\"display:none;\"><\/textarea><\/div><\/div>\n\t<\/div>\n\t\t<\/div>\n\t\t\t<div style=\"margin-top:0;\" class=\"wpbc__field\"> \n\t<div class=\"wpbc__row\">\n      <div class=\"wpbc_r_rangetime wpbc__field\">  <label for=\"rangetime1\">\u010cas*:<\/label><br>   <select name=\"rangetime1\" id=\"rangetime1\" class=\"input-xlarge wpdev-validates-as-required\" >  <option value=\"08:00 - 09:00\" >8:00 AM - 9:00 AM<\/option>  <option value=\"09:00 - 10:00\" >9:00 AM - 10:00 AM<\/option>  <option value=\"10:00 - 11:00\" >10:00 AM - 11:00 AM<\/option>  <option value=\"11:00 - 12:00\" >11:00 AM - 12:00 PM<\/option>  <option value=\"12:00 - 13:00\" >12:00 PM - 1:00 PM<\/option>  <option value=\"13:00 - 14:00\" >1:00 PM - 2:00 PM<\/option>  <option value=\"14:00 - 15:00\" >2:00 PM - 3:00 PM<\/option>  <option value=\"15:00 - 16:00\" >3:00 PM - 4:00 PM<\/option>  <option value=\"16:00 - 17:00\" >4:00 PM - 5:00 PM<\/option>  <option value=\"17:00 - 18:00\" >5:00 PM - 6:00 PM<\/option>  <option value=\"18:00 - 19:00\" >6:00 PM - 7:00 PM<\/option>  <option value=\"19:00 - 20:00\" >7:00 PM - 8:00 PM<\/option>  <option value=\"20:00 - 21:00\" >8:00 PM - 9:00 PM<\/option>  <option value=\"21:00 - 22:00\" >9:00 PM - 10:00 PM<\/option>     <\/select><\/div>\n\t<\/div>\n\t\t<\/div>\n\t\t<\/div>\n\t\t<hr><div class=\"wpbc__row\">\n\t\t\t<div class=\"wpbc__field\" style=\"justify-content: flex-end;\">\n     \t\t\t<a class=\"wpbc_button_light wpbc_wizard_step_button wpbc_wizard_step_2\" >\n\t\t\t\tContinue to step 2\n\t\t\t\t<\/a>\n\t\t\t<\/div>\n\t\t<\/div>\n  <\/div>\n  <div class=\"wpbc_wizard_step wpbc__form__div wpbc_wizard_step2 wpbc_wizard_step_hidden\" style=\"display:none;clear:both;\">\n    <div class=\"wpbc__form__div\">\n\t<div class=\"wpbc__row\">\n      <div class=\"wpbc_r_name wpbc__field\">  <label for=\"name1\">Meno*:<\/label><br>   <input type=\"text\" name=\"name1\" id=\"name1\" class=\"input-xlarge wpdev-validates-as-required\" \/><\/div>\n\n      <div class=\"wpbc_r_secondname wpbc__field\">  <label for=\"secondname1\">Priezvisko*:<\/label><br>   <input type=\"text\" name=\"secondname1\" id=\"secondname1\" class=\"input-xlarge wpdev-validates-as-required\" \/><\/div>\n\n      <div class=\"wpbc_r_email wpbc__field\">  <label for=\"email1\">Email*:<\/label><br>   <input type=\"email\" name=\"email1\" id=\"email1\" class=\"input-xlarge wpdev-validates-as-email wpdev-validates-as-required wpdev-validates-as-required\" \/><\/div>\n\t<\/div>\n\t<div class=\"wpbc__row\">\n      <div class=\"wpbc_r_phone wpbc__field\">  <label for=\"phone1\">Telef\u00f3n:<\/label><br>   <input type=\"text\" name=\"phone1\" id=\"phone1\" class=\"input-xlarge\" \/><\/div>\n\t<\/div>\n\t<div class=\"wpbc__row\">\n      <div class=\"wpbc_r_details wpbc__field\">  <label for=\"details1\">Koment\u00e1r:<\/label><br>   <textarea  rows=\"3\" name=\"details1\" id=\"details1\" class=\"input-xlarge\" ><\/textarea><\/div>\n\t<\/div>\n    <\/div>\n    <hr><div class=\"wpbc__row\">\n\t\t<div class=\"wpbc__field\" style=\"justify-content: flex-end;\">\n\t\t\t<a class=\"wpbc_button_light wpbc_wizard_step_button wpbc_wizard_step_1\">Back to step 1<\/a>&nbsp;&nbsp;&nbsp;\n         <button class=\"wpbc_button_light\" type=\"button\" onclick=\"mybooking_submit(this.form,1,'en_GB');\" >SEND<\/button>\t\t<\/div>\n    <\/div>\n  <\/div>\n<\/div><input id=\"bk_type1\" name=\"bk_type1\" class=\"\" type=\"hidden\" value=\"1\" \/><\/div><div id=\"submiting1\"><\/div><div class=\"form_bk_messages\" id=\"form_bk_messages1\" ><\/div><input type=\"hidden\" id=\"wpbc_nonceCALCULATE_THE_COST1\" name=\"wpbc_nonceCALCULATE_THE_COST1\" value=\"867396cd5b\" \/><input type=\"hidden\" name=\"_wp_http_referer\" value=\"\/en\/wp-json\/wp\/v2\/pages\/786\" \/><input type=\"hidden\" name=\"trp-form-language\" value=\"en\"\/><\/form><\/div><div id=\"booking_form_garbage1\" class=\"booking_form_garbage\"><\/div><script type=\"text\/javascript\"> (function() { var a = setInterval( function() {  if ( ( 'undefined' === typeof jQuery ) || ! window.jQuery ) { return; } clearInterval( a ); jQuery( document ).ready( function (){ jQuery(\".widget_wpdev_booking .booking_form.form-horizontal\").removeClass(\"form-horizontal\");\n                                    var visible_calendars_count = _wpbc.get_other_param( \"calendars__on_this_page\" ).length;\n                                    if (visible_calendars_count !== null ) {\n                                        for (var i=0;i< visible_calendars_count ;i++){\n                                          if ( _wpbc.get_other_param( \"calendars__on_this_page\" )[i] === 1 ) {\n                                              document.getElementById(\"form_id826641467490\").innerHTML = \"<span style='color:#A00;font-size:10px;'>Warning! Booking calendar for this booking resource are already at the page, please check more about this issue at this page: https:\/\/wpbookingcalendar.com\/faq\/why-the-booking-calendar-widget-not-show-on-page\/<\/span>\";                                                                                                  \n                                              jQuery(\"#form_id826641467490\").animate( {opacity: 1}, 10000 ).fadeOut(5000);\n                                              return;\n                                          }\n                                        }\n                                        _wpbc.get_other_param( \"calendars__on_this_page\" )[ visible_calendars_count ]=1;\n                                    } } ); }, 500 ); })();<\/script> <script type=\"text\/javascript\"> (function() { var a = setInterval( function() {  if ( ( 'undefined' === typeof jQuery ) || ! window.jQuery ) { return; } clearInterval( a ); jQuery( document ).ready( function (){ _wpbc.balancer__set_max_threads( 3 );  _wpbc.calendar__set_param_value( 1 , 'calendar_scroll_to' , false );  _wpbc.calendar__set_param_value( 1 , 'booking_max_monthes_in_calendar' , '2y' );  _wpbc.calendar__set_param_value( 1 , 'booking_start_day_weeek' , '1' );  _wpbc.calendar__set_param_value( 1 , 'calendar_number_of_months' , '1' );   _wpbc.calendar__set_param_value( 1, 'days_select_mode', 'multiple' );   _wpbc.calendar__set_param_value( 1, 'fixed__days_num', 0 );   _wpbc.calendar__set_param_value( 1, 'fixed__week_days__start',   [] );   _wpbc.calendar__set_param_value( 1, 'dynamic__days_min', 0 );   _wpbc.calendar__set_param_value( 1, 'dynamic__days_max', 0 );   _wpbc.calendar__set_param_value( 1, 'dynamic__days_specific',    [] );   _wpbc.calendar__set_param_value( 1, 'dynamic__week_days__start', [] );   _wpbc.calendar__set_param_value( 1, 'booking_date_format', 'j M Y' );   _wpbc.calendar__set_param_value( 1, 'booking_time_format', 'H:i' );   if ( 'function' === typeof ( wpbc__conditions__SAVE_INITIAL__days_selection_params__bm ) ){ wpbc__conditions__SAVE_INITIAL__days_selection_params__bm( 1 ); }   wpbc_calendar_show( '1' );   _wpbc.set_secure_param( 'nonce',   'cb2c11b401' );   _wpbc.set_secure_param( 'user_id', '0' );   _wpbc.set_secure_param( 'locale',  'en_GB' );  wpbc_calendar__load_data__ajx( {\"resource_id\":1,\"booking_hash\":\"\",\"request_uri\":\"\\\/en\\\/wp-json\\\/wp\\\/v2\\\/pages\\\/786\",\"custom_form\":\"standard\",\"aggregate_resource_id_str\":\"\",\"aggregate_type\":\"all\"} ); } ); }, 500 ); })();<\/script>","protected":false},"excerpt":{"rendered":"","protected":false},"author":3,"featured_media":0,"parent":0,"menu_order":0,"comment_status":"closed","ping_status":"closed","template":"","meta":{"om_disable_all_campaigns":false,"_monsterinsights_skip_tracking":false,"_monsterinsights_sitenote_active":false,"_monsterinsights_sitenote_note":"","_monsterinsights_sitenote_category":0},"yoast_head":"<!-- This site is optimized with the Yoast SEO plugin v21.1 - https:\/\/yoast.com\/wordpress\/plugins\/seo\/ -->\n<title>Rezerva\u010dn\u00fd formul\u00e1r | NAHR\u00c1VACIE \u0160T\u00daDIO<\/title>\n<meta name=\"robots\" content=\"index, follow, max-snippet:-1, max-image-preview:large, max-video-preview:-1\" \/>\n<link rel=\"canonical\" href=\"https:\/\/www.amazingspace.sk\/en\/wpbc-booking\/\" \/>\n<meta property=\"og:locale\" content=\"en_GB\" \/>\n<meta property=\"og:type\" content=\"article\" \/>\n<meta property=\"og:title\" content=\"Rezerva\u010dn\u00fd formul\u00e1r | NAHR\u00c1VACIE \u0160T\u00daDIO\" \/>\n<meta property=\"og:url\" content=\"https:\/\/www.amazingspace.sk\/en\/wpbc-booking\/\" \/>\n<meta property=\"og:site_name\" content=\"NAHR\u00c1VACIE \u0160T\u00daDIO\" \/>\n<meta property=\"article:publisher\" content=\"https:\/\/www.facebook.com\/profile.php?id=61552328046316&amp;sk=about\" \/>\n<meta name=\"twitter:card\" content=\"summary_large_image\" \/>\n<script type=\"application\/ld+json\" class=\"yoast-schema-graph\">{\"@context\":\"https:\/\/schema.org\",\"@graph\":[{\"@type\":\"WebPage\",\"@id\":\"https:\/\/www.amazingspace.sk\/wpbc-booking\/\",\"url\":\"https:\/\/www.amazingspace.sk\/wpbc-booking\/\",\"name\":\"Rezerva\u010dn\u00fd formul\u00e1r | NAHR\u00c1VACIE \u0160T\u00daDIO\",\"isPartOf\":{\"@id\":\"https:\/\/www.amazingspace.sk\/#website\"},\"datePublished\":\"2024-12-18T19:36:10+00:00\",\"dateModified\":\"2024-12-18T19:36:10+00:00\",\"breadcrumb\":{\"@id\":\"https:\/\/www.amazingspace.sk\/wpbc-booking\/#breadcrumb\"},\"inLanguage\":\"en-GB\",\"potentialAction\":[{\"@type\":\"ReadAction\",\"target\":[\"https:\/\/www.amazingspace.sk\/wpbc-booking\/\"]}]},{\"@type\":\"BreadcrumbList\",\"@id\":\"https:\/\/www.amazingspace.sk\/wpbc-booking\/#breadcrumb\",\"itemListElement\":[{\"@type\":\"ListItem\",\"position\":1,\"name\":\"Domov\",\"item\":\"https:\/\/www.amazingspace.sk\/\"},{\"@type\":\"ListItem\",\"position\":2,\"name\":\"Rezerva\u010dn\u00fd formul\u00e1r\"}]},{\"@type\":\"WebSite\",\"@id\":\"https:\/\/www.amazingspace.sk\/#website\",\"url\":\"https:\/\/www.amazingspace.sk\/\",\"name\":\"AMAZING SPACE\",\"description\":\"NAHR\u00c1VACIE \u0160T\u00daDIO | AMAZING SPACE\",\"publisher\":{\"@id\":\"https:\/\/www.amazingspace.sk\/#organization\"},\"potentialAction\":[{\"@type\":\"SearchAction\",\"target\":{\"@type\":\"EntryPoint\",\"urlTemplate\":\"https:\/\/www.amazingspace.sk\/?s={search_term_string}\"},\"query-input\":\"required name=search_term_string\"}],\"inLanguage\":\"en-GB\"},{\"@type\":\"Organization\",\"@id\":\"https:\/\/www.amazingspace.sk\/#organization\",\"name\":\"NAHR\u00c1VACIE \u0160T\u00daDIO\",\"url\":\"https:\/\/www.amazingspace.sk\/\",\"logo\":{\"@type\":\"ImageObject\",\"inLanguage\":\"en-GB\",\"@id\":\"https:\/\/www.amazingspace.sk\/#\/schema\/logo\/image\/\",\"url\":\"https:\/\/www.amazingspace.sk\/wp-content\/uploads\/2024\/12\/AMAZING.png\",\"contentUrl\":\"https:\/\/www.amazingspace.sk\/wp-content\/uploads\/2024\/12\/AMAZING.png\",\"width\":500,\"height\":500,\"caption\":\"NAHR\u00c1VACIE \u0160T\u00daDIO\"},\"image\":{\"@id\":\"https:\/\/www.amazingspace.sk\/#\/schema\/logo\/image\/\"},\"sameAs\":[\"https:\/\/www.facebook.com\/profile.php?id=61552328046316&sk=about\",\"https:\/\/www.instagram.com\/amazingspace.sk\/\"]}]}<\/script>\n<!-- \/ Yoast SEO plugin. -->","yoast_head_json":{"title":"Rezerva\u010dn\u00fd formul\u00e1r | NAHR\u00c1VACIE \u0160T\u00daDIO","robots":{"index":"index","follow":"follow","max-snippet":"max-snippet:-1","max-image-preview":"max-image-preview:large","max-video-preview":"max-video-preview:-1"},"canonical":"https:\/\/www.amazingspace.sk\/en\/wpbc-booking\/","og_locale":"en_GB","og_type":"article","og_title":"Rezerva\u010dn\u00fd formul\u00e1r | NAHR\u00c1VACIE \u0160T\u00daDIO","og_url":"https:\/\/www.amazingspace.sk\/en\/wpbc-booking\/","og_site_name":"NAHR\u00c1VACIE \u0160T\u00daDIO","article_publisher":"https:\/\/www.facebook.com\/profile.php?id=61552328046316&sk=about","twitter_card":"summary_large_image","schema":{"@context":"https:\/\/schema.org","@graph":[{"@type":"WebPage","@id":"https:\/\/www.amazingspace.sk\/wpbc-booking\/","url":"https:\/\/www.amazingspace.sk\/wpbc-booking\/","name":"Rezerva\u010dn\u00fd formul\u00e1r | NAHR\u00c1VACIE \u0160T\u00daDIO","isPartOf":{"@id":"https:\/\/www.amazingspace.sk\/#website"},"datePublished":"2024-12-18T19:36:10+00:00","dateModified":"2024-12-18T19:36:10+00:00","breadcrumb":{"@id":"https:\/\/www.amazingspace.sk\/wpbc-booking\/#breadcrumb"},"inLanguage":"en-GB","potentialAction":[{"@type":"ReadAction","target":["https:\/\/www.amazingspace.sk\/wpbc-booking\/"]}]},{"@type":"BreadcrumbList","@id":"https:\/\/www.amazingspace.sk\/wpbc-booking\/#breadcrumb","itemListElement":[{"@type":"ListItem","position":1,"name":"Domov","item":"https:\/\/www.amazingspace.sk\/"},{"@type":"ListItem","position":2,"name":"Rezerva\u010dn\u00fd formul\u00e1r"}]},{"@type":"WebSite","@id":"https:\/\/www.amazingspace.sk\/#website","url":"https:\/\/www.amazingspace.sk\/","name":"AMAZING SPACE","description":"NAHR\u00c1VACIE \u0160T\u00daDIO | AMAZING SPACE","publisher":{"@id":"https:\/\/www.amazingspace.sk\/#organization"},"potentialAction":[{"@type":"SearchAction","target":{"@type":"EntryPoint","urlTemplate":"https:\/\/www.amazingspace.sk\/?s={search_term_string}"},"query-input":"required name=search_term_string"}],"inLanguage":"en-GB"},{"@type":"Organization","@id":"https:\/\/www.amazingspace.sk\/#organization","name":"NAHR\u00c1VACIE \u0160T\u00daDIO","url":"https:\/\/www.amazingspace.sk\/","logo":{"@type":"ImageObject","inLanguage":"en-GB","@id":"https:\/\/www.amazingspace.sk\/#\/schema\/logo\/image\/","url":"https:\/\/www.amazingspace.sk\/wp-content\/uploads\/2024\/12\/AMAZING.png","contentUrl":"https:\/\/www.amazingspace.sk\/wp-content\/uploads\/2024\/12\/AMAZING.png","width":500,"height":500,"caption":"NAHR\u00c1VACIE \u0160T\u00daDIO"},"image":{"@id":"https:\/\/www.amazingspace.sk\/#\/schema\/logo\/image\/"},"sameAs":["https:\/\/www.facebook.com\/profile.php?id=61552328046316&sk=about","https:\/\/www.instagram.com\/amazingspace.sk\/"]}]}},"_links":{"self":[{"href":"https:\/\/www.amazingspace.sk\/en\/wp-json\/wp\/v2\/pages\/786"}],"collection":[{"href":"https:\/\/www.amazingspace.sk\/en\/wp-json\/wp\/v2\/pages"}],"about":[{"href":"https:\/\/www.amazingspace.sk\/en\/wp-json\/wp\/v2\/types\/page"}],"author":[{"embeddable":true,"href":"https:\/\/www.amazingspace.sk\/en\/wp-json\/wp\/v2\/users\/3"}],"replies":[{"embeddable":true,"href":"https:\/\/www.amazingspace.sk\/en\/wp-json\/wp\/v2\/comments?post=786"}],"version-history":[{"count":0,"href":"https:\/\/www.amazingspace.sk\/en\/wp-json\/wp\/v2\/pages\/786\/revisions"}],"wp:attachment":[{"href":"https:\/\/www.amazingspace.sk\/en\/wp-json\/wp\/v2\/media?parent=786"}],"curies":[{"name":"wp","href":"https:\/\/api.w.org\/{rel}","templated":true}]}}