{"id":1688,"date":"2025-04-23T13:18:27","date_gmt":"2025-04-23T11:18:27","guid":{"rendered":"https:\/\/www.amazingspace.sk\/?page_id=1688"},"modified":"2026-02-01T02:18:24","modified_gmt":"2026-02-01T01:18:24","slug":"pravidla-uzivania-hudobnej-skusobne","status":"publish","type":"page","link":"https:\/\/www.amazingspace.sk\/en\/pravidla-uzivania-hudobnej-skusobne\/","title":{"rendered":"Pravidl\u00e1 u\u017e\u00edvania hudobnej sku\u0161ob\u0148e"},"content":{"rendered":"<div data-elementor-type=\"wp-page\" data-elementor-id=\"1688\" class=\"elementor elementor-1688\">\n\t\t\t\t\t\t\t\t\t<section class=\"elementor-section elementor-top-section elementor-element elementor-element-22b0fcb elementor-section-boxed elementor-section-height-default elementor-section-height-default\" data-id=\"22b0fcb\" data-element_type=\"section\">\n\t\t\t\t\t\t<div class=\"elementor-container elementor-column-gap-default\">\n\t\t\t\t\t<div class=\"elementor-column elementor-col-100 elementor-top-column elementor-element elementor-element-0852c2d\" data-id=\"0852c2d\" data-element_type=\"column\">\n\t\t\t<div class=\"elementor-widget-wrap elementor-element-populated\">\n\t\t\t\t\t\t\t\t<div class=\"elementor-element elementor-element-08667e4 elementor-widget elementor-widget-text-editor\" data-id=\"08667e4\" data-element_type=\"widget\" data-widget_type=\"text-editor.default\">\n\t\t\t\t<div class=\"elementor-widget-container\">\n\t\t\t<style>\/*! elementor - v3.16.0 - 14-09-2023 *\/\n.elementor-widget-text-editor.elementor-drop-cap-view-stacked .elementor-drop-cap{background-color:#69727d;color:#fff}.elementor-widget-text-editor.elementor-drop-cap-view-framed .elementor-drop-cap{color:#69727d;border:3px solid;background-color:transparent}.elementor-widget-text-editor:not(.elementor-drop-cap-view-default) .elementor-drop-cap{margin-top:8px}.elementor-widget-text-editor:not(.elementor-drop-cap-view-default) .elementor-drop-cap-letter{width:1em;height:1em}.elementor-widget-text-editor .elementor-drop-cap{float:left;text-align:center;line-height:1;font-size:50px}.elementor-widget-text-editor .elementor-drop-cap-letter{display:inline-block}<\/style>\t\t\t\t<p>\u010cl\u00e1nok I. \u2013 V\u0161eobecn\u00e9 ustanovenie a vymedzenie pojmov<\/p>\n<ol>\n<li>Pren\u00e1jom priestoru a <strong>nahr\u00e1vacieho <\/strong>\u0161t\u00fadia prostredn\u00edctvom internetovej str\u00e1nky prenaj\u00edmate\u013ea (<u>https:\/\/amazingspace.sk\/<\/u>) m\u00f4\u017eu uskuto\u010d\u0148ova\u0165 fyzick\u00e9 a pr\u00e1vnick\u00e9 osoby bez obmedzenia.<\/li>\n<li>Prenaj\u00edmate\u013eom je spolo\u010dnos\u0165 <strong>KADMEDIA s. r. o. <\/strong>, so s\u00eddlom <strong style=\"font-size: 18px;\">Bratislava &#8211; mestsk\u00e1 \u010das\u0165 Petr\u017ealka &nbsp;85101,<\/strong><\/li><\/ol>\n<p>I\u010cO: <strong>44112840<\/strong>, zap\u00edsan\u00e1 v registri okresn\u00e9ho \u00faradu Bratislava, \u010d.: 110-287809 <strong>156747\/B<\/strong>.<\/p>\n<ol start=\"3\">\n<li>N\u00e1jomcom je ka\u017ed\u00e1 fyzick\u00e1 alebo pr\u00e1vnick\u00e1 osoba, ktor\u00e1 si objednala term\u00edn v \u0161t\u00fadiu AMAZING SPACE prostredn\u00edctvom webovej str\u00e1nky prenaj\u00edmate\u013ea kontaktovan\u00edm prenaj\u00edmate\u013ea formou e-mailu, alebo telefonicky a obdr\u017eala ozn\u00e1menie o rezervovan\u00ed term\u00ednu, teda prijat\u00ed objedn\u00e1vky.<\/li>\n<li>Zmluvn\u00e9 strany sa dohodli, \u017ee v\u0161etky spory, ktor\u00e9 vyplyn\u00fa z uzavretej zmluvy, sa bud\u00fa riadi\u0165 v\u00fdhradne pr\u00e1vnym poriadkom Slovenskej republiky a pr\u00e1vo Slovenskej republiky t\u00fdmto ur\u010duj\u00fa ako rozhodn\u00e9 pr\u00e1vo. Ke\u010f\u017ee nie s\u00fa naplnen\u00e9 podmienky uveden\u00e9 v \u010dl\u00e1nku 6 ods. 1 Nariadenia Eur\u00f3pskeho parlamentu a Rady (ES) \u010d. 593\/2008 zo 17. j\u00fana 2008 o rozhodnom pr\u00e1ve pre zmluvn\u00e9 z\u00e1v\u00e4zky (R\u00edm I), plat\u00ed toto ustanovenie aj v ojedinel\u00fdch pr\u00edpadoch cezhrani\u010dn\u00fdch spotrebite\u013esk\u00fdch zml\u00fav. Zmluvn\u00e9 strany sa z\u00e1rove\u0148 dohodli, \u017ee pr\u00edpadn\u00fd spor, ktor\u00fd sa nepodar\u00ed vyrie\u0161i\u0165 vz\u00e1jomnou dohodou zmluvn\u00fdch str\u00e1n, bude rozhodova\u0165 v\u0161eobecn\u00fd s\u00fad Slovenskej republiky ur\u010den\u00fd pod\u013ea pr\u00edslu\u0161n\u00fdch ustanoven\u00ed pr\u00e1vneho poriadku Slovenskej republiky.<\/li>\n<li>Predmetom n\u00e1jmu je nahr\u00e1vacie \u0161t\u00fadio, ktor\u00e9 sa nach\u00e1dza na adrese: Jungmannov\u00e1 20, Bratislava, 85101 alebo nahr\u00e1vacie \u0161t\u00fadio ktor\u00e9 sa nach\u00e1dza na adrese: Jurigovo n\u00e1mestie 10, 84104, Bratislava. Predmet n\u00e1jmu si vyber\u00e1 n\u00e1jomca cez rezerva\u010dn\u00fd formul\u00e1r.<\/li>\n<\/ol>\n<p>\u010cl\u00e1nok II. \u2013 Objedn\u00e1vka<\/p>\n<ol>\n<li>Objedn\u00e1vka vznik\u00e1 objednan\u00edm term\u00ednu na pren\u00e1jom priestoru a n\u00e1sledn\u00fdm potvrden\u00edm procesu objedn\u00e1vania n\u00e1jmu. Objedn\u00e1vku je mo\u017en\u00e9 realizova\u0165 prostredn\u00edctvom rezerva\u010dn\u00e9ho formul\u00e1ra. O potvrden\u00ed objedn\u00e1vky informuje prenaj\u00edmate\u013e n\u00e1jomcu potvrdzovac\u00edm e-mailom.<\/li>\n<li>N\u00e1jomca zaslan\u00edm rezerv\u00e1cie s\u00fahlas\u00ed s cenou n\u00e1jmu a teda rezerv\u00e1cia sa st\u00e1va pre n\u00e1jomcu z\u00e1v\u00e4znou.<\/li>\n<li>Potvrden\u00edm rezerv\u00e1cie zo strany prenaj\u00edmate\u013ea vznik\u00e1 n\u00e1jomn\u00e1 zmluva, ktor\u00fa je mo\u017en\u00e9 meni\u0165, ru\u0161i\u0165 alebo dop\u013a\u0148a\u0165 len na z\u00e1klade vz\u00e1jomnej dohody medzi n\u00e1jomcom a prenaj\u00edmate\u013eom, ak z\u00e1kon alebo in\u00fd pr\u00e1vny predpis neustanovuje inak. Objedn\u00e1vku pren\u00e1jmu je v\u0161ak mo\u017en\u00e9 bez poplatku zru\u0161i\u0165 v lehote 24 hod\u00edn pred term\u00ednom rezerv\u00e1cie priestoru, v pr\u00edpade ak bude objedn\u00e1vka zru\u0161en\u00e1 v lehote krat\u0161ej ako 24 hod\u00edn od pl\u00e1novan\u00e9ho term\u00ednu rezerv\u00e1cie, prenaj\u00edmate\u013eovi vznik\u00e1 n\u00e1rok na \u00fa\u010dtovanie storno poplatku vo v\u00fd\u0161ke 00,- \u20ac za zru\u0161enie rezerv\u00e1cie.<\/li>\n<\/ol>\n<ol start=\"4\">\n<li>N\u00e1jomca je odoslan\u00edm objedn\u00e1vky viazan\u00fd k zaplateniu n\u00e1jomn\u00e9ho v plnej v\u00fd\u0161ke pod\u013ea aktu\u00e1lneho cenn\u00edku, d\u013a\u017eky n\u00e1jmu a pod\u013ea rozsahu poskytnut\u00fdch slu\u017eieb.<\/li>\n<\/ol>\n<p>\u010cl\u00e1nok III. \u2013 N\u00e1jomn\u00e9 a doba n\u00e1jmu<\/p>\n<ol>\n<li>N\u00e1jomn\u00e9 pozost\u00e1va z ceny s DPH na hodinu Pod\u013ea platn\u00e9ho cenn\u00edka uverejnen\u00e9ho na <u style=\"font-family: inherit; font-style: inherit; font-weight: inherit;\">https:\/\/www.amazingspace.sk\/cennik\/ <\/u><span style=\"font-size: 18px;\">uv\u00e1dzan\u00e9 ceny n\u00e1jmu s\u00fa kone\u010dn\u00e9. Prenaj\u00edmate\u013e je platcom DPH.<\/span><\/li>\n<\/ol>\n<ol start=\"2\">\n<li>Cenou n\u00e1jomn\u00e9ho uvedenou na str\u00e1nke <u>https:\/\/www.amazingspace.sk\/cennik\/ <\/u>sa rozumie cena v momente vytv\u00e1rania rezerv\u00e1cie.<\/li>\n<li>Minim\u00e1lna doba n\u00e1jmu nahr\u00e1vacieho \u0161t\u00fadia je 1 hodina.<\/li>\n<li>V pr\u00edpade, ak sa doba n\u00e1jmu pred\u013a\u017ei nad r\u00e1mec objedn\u00e1vky, n\u00e1jomcovi bude \u00fa\u010dtovan\u00e1 suma za skuto\u010dn\u00fa dobu trvania n\u00e1jmu.<\/li>\n<\/ol>\n<p>\u010cl\u00e1nok IV. \u2013 Platobn\u00e9 podmienky<\/p>\n<ol>\n<li>N\u00e1jomn\u00e9 je mo\u017en\u00e9 plati\u0165 v hotovosti na mieste pred alebo po ukon\u010den\u00ed n\u00e1jmu, alebo&nbsp;<strong style=\"font-size: 18px;\">online platobnou kartou<\/strong><span style=\"font-size: 18px;\">&nbsp;<\/span><span style=\"font-size: 18px;\">cez zabezpe\u010den\u00fa platobn\u00fa br\u00e1nu<\/span><\/li>\n<\/ol>\n<div><a href=\"https:\/\/www.amazingspace.sk\/en\/dodacie-a-platobne-podmienky\/\">https:\/\/www.amazingspace.sk\/dodacie-a-platobne-podmienky\/<\/a><\/div>\n<div><br><\/div>\n<p>\u010cl\u00e1nok V. \u2013 Priestory nahr\u00e1vacieho \u0161t\u00fadia<\/p>\n<ol>\n<li>Ak\u00e9ko\u013evek vzniknut\u00e1 \u0161koda v priestoroch nahr\u00e1vacieho \u0161t\u00fadia (najm\u00e4, nie v\u0161ak v\u00fdhradne na technike) po\u010das n\u00e1jmu je povinn\u00fd n\u00e1jomca uhradi\u0165 v plnej v\u00fd\u0161ke.<\/li>\n<li>Budova v ktorej sa nahr\u00e1vacieho \u0161t\u00fadio nach\u00e1dza je neust\u00e1le monitorovan\u00e1 kamerov\u00fdm syst\u00e9mom. N\u00e1jomca t\u00fato skuto\u010dnos\u0165 berie v\u00fdslovne na vedomie a vyjadruje s\u00fahlas s pou\u017eit\u00edm obrazovo-zvukov\u00fdch z\u00e1znamov nasn\u00edman\u00fdch kamerov\u00fdm syst\u00e9mom za \u00fa\u010delom zistenia vzniku \u0161k\u00f4d v t\u00fdchto priestoroch aj v pr\u00edpadn\u00fdch priestupkov\u00fdch\/trestn\u00fdch konaniach.<\/li>\n<li>Prenaj\u00edmate\u013e nie je povinn\u00fd poskytn\u00fa\u0165 n\u00e1jomcovi pri pren\u00e1jme priestorov \u017eiadne ob\u010derstvenie ani \u017eiadne in\u00e9 slu\u017eby s\u00favisiace \u010di nes\u00favisiace s n\u00e1jmom.<\/li>\n<li>N\u00e1jomca nesmie pou\u017e\u00edva\u0165 n\u00e1bytok a \u0161t\u00fadiov\u00e9 osvetlenie za \u00fa\u010delom vytv\u00e1rania video nahr\u00e1vok. Pre pou\u017eitie n\u00e1bytku a osvetlenia je potrebn\u00e9 zvoli\u0165 mo\u017enos\u0165 pren\u00e1jmu \u0161t\u00fadia nie hudobnej sku\u0161ob\u0148e.<\/li>\n<\/ol>\n<p>\u010cl\u00e1nok VI. \u2013 Podmienky zru\u0161enia objedn\u00e1vky<\/p>\n<ol>\n<li>Objedn\u00e1vku je mo\u017en\u00e9 zo strany n\u00e1jomcu bezplatne (bez storno poplatku) zru\u0161i\u0165 najnesk\u00f4r 24 hod\u00edn pred za\u010diatkom n\u00e1jmu v\u00fdlu\u010dne p\u00edsomnou formou na e-mailov\u00fa adresu&nbsp;<a href=\"mailto:rezervacie@amazingspace.sk\" style=\"font-size: 18px;\">rezervacie@amazingspace.sk<\/a><span style=\"font-size: 18px;\">&nbsp;.Pre vyl\u00fa\u010denie ak\u00fdchko\u013evek pochybnost\u00ed sa za\u010diatkom n\u00e1jmu rozumie hodina za\u010diatku n\u00e1jmu uveden\u00e1 v objedn\u00e1vke potvrdenej prenaj\u00edmate\u013eom.<\/span><\/li>\n<\/ol>\n<ol start=\"2\">\n<li>Pri zru\u0161en\u00ed objedn\u00e1vky n\u00e1jomcom menej ako 24 hod\u00edn pred za\u010diatkom n\u00e1jmu bude prenaj\u00edmate\u013e \u00fa\u010dtova\u0165 n\u00e1jomcovi storno poplatok vo v\u00fd\u0161ke 00,- EUR s DPH, s \u010d\u00edm n\u00e1jomca v\u00fdslovne s\u00fahlas\u00ed.<\/li>\n<\/ol>\t\t\t\t\t\t<\/div>\n\t\t\t\t<\/div>\n\t\t\t\t\t<\/div>\n\t\t<\/div>\n\t\t\t\t\t\t\t<\/div>\n\t\t<\/section>\n\t\t\t\t\t\t\t<\/div>","protected":false},"excerpt":{"rendered":"<p>\u010cl\u00e1nok I. \u2013 V\u0161eobecn\u00e9 ustanovenie a vymedzenie pojmov Pren\u00e1jom priestoru a nahr\u00e1vacieho \u0161t\u00fadia prostredn\u00edctvom internetovej str\u00e1nky prenaj\u00edmate\u013ea (https:\/\/amazingspace.sk\/) m\u00f4\u017eu uskuto\u010d\u0148ova\u0165 fyzick\u00e9 a pr\u00e1vnick\u00e9 osoby bez obmedzenia. Prenaj\u00edmate\u013eom je spolo\u010dnos\u0165 KADMEDIA s. r. o. , so s\u00eddlom Bratislava &#8211; mestsk\u00e1 \u010das\u0165 Petr\u017ealka &nbsp;85101, I\u010cO: 44112840, zap\u00edsan\u00e1 v registri okresn\u00e9ho \u00faradu Bratislava, \u010d.: 110-287809 156747\/B. N\u00e1jomcom je [&hellip;]<\/p>","protected":false},"author":1,"featured_media":0,"parent":0,"menu_order":0,"comment_status":"closed","ping_status":"closed","template":"","meta":{"om_disable_all_campaigns":false,"_monsterinsights_skip_tracking":false,"_monsterinsights_sitenote_active":false,"_monsterinsights_sitenote_note":"","_monsterinsights_sitenote_category":0},"yoast_head":"<!-- This site is optimized with the Yoast SEO plugin v21.1 - https:\/\/yoast.com\/wordpress\/plugins\/seo\/ -->\n<title>Pravidl\u00e1 u\u017e\u00edvania hudobnej sku\u0161ob\u0148e | NAHR\u00c1VACIE \u0160T\u00daDIO<\/title>\n<meta name=\"robots\" content=\"noindex, nofollow\" \/>\n<meta property=\"og:locale\" content=\"en_GB\" \/>\n<meta property=\"og:type\" content=\"article\" \/>\n<meta property=\"og:title\" content=\"Pravidl\u00e1 u\u017e\u00edvania hudobnej sku\u0161ob\u0148e | NAHR\u00c1VACIE \u0160T\u00daDIO\" \/>\n<meta property=\"og:description\" content=\"\u010cl\u00e1nok I. \u2013 V\u0161eobecn\u00e9 ustanovenie a vymedzenie pojmov Pren\u00e1jom priestoru a nahr\u00e1vacieho \u0161t\u00fadia prostredn\u00edctvom internetovej str\u00e1nky prenaj\u00edmate\u013ea (https:\/\/amazingspace.sk\/) m\u00f4\u017eu uskuto\u010d\u0148ova\u0165 fyzick\u00e9 a pr\u00e1vnick\u00e9 osoby bez obmedzenia. Prenaj\u00edmate\u013eom je spolo\u010dnos\u0165 KADMEDIA s. r. o. , so s\u00eddlom Bratislava &#8211; mestsk\u00e1 \u010das\u0165 Petr\u017ealka &nbsp;85101, I\u010cO: 44112840, zap\u00edsan\u00e1 v registri okresn\u00e9ho \u00faradu Bratislava, \u010d.: 110-287809 156747\/B. N\u00e1jomcom je [&hellip;]\" \/>\n<meta property=\"og:url\" content=\"https:\/\/www.amazingspace.sk\/en\/pravidla-uzivania-hudobnej-skusobne\/\" \/>\n<meta property=\"og:site_name\" content=\"NAHR\u00c1VACIE \u0160T\u00daDIO\" \/>\n<meta property=\"article:publisher\" content=\"https:\/\/www.facebook.com\/profile.php?id=61552328046316&amp;sk=about\" \/>\n<meta property=\"article:modified_time\" content=\"2026-02-01T01:18:24+00:00\" \/>\n<meta name=\"twitter:card\" content=\"summary_large_image\" \/>\n<meta name=\"twitter:label1\" content=\"Estimated reading time\" \/>\n\t<meta name=\"twitter:data1\" content=\"4 minutes\" \/>\n<script type=\"application\/ld+json\" class=\"yoast-schema-graph\">{\"@context\":\"https:\/\/schema.org\",\"@graph\":[{\"@type\":\"WebPage\",\"@id\":\"https:\/\/www.amazingspace.sk\/pravidla-uzivania-hudobnej-skusobne\/\",\"url\":\"https:\/\/www.amazingspace.sk\/pravidla-uzivania-hudobnej-skusobne\/\",\"name\":\"Pravidl\u00e1 u\u017e\u00edvania hudobnej sku\u0161ob\u0148e | NAHR\u00c1VACIE \u0160T\u00daDIO\",\"isPartOf\":{\"@id\":\"https:\/\/www.amazingspace.sk\/#website\"},\"datePublished\":\"2025-04-23T11:18:27+00:00\",\"dateModified\":\"2026-02-01T01:18:24+00:00\",\"breadcrumb\":{\"@id\":\"https:\/\/www.amazingspace.sk\/pravidla-uzivania-hudobnej-skusobne\/#breadcrumb\"},\"inLanguage\":\"en-GB\",\"potentialAction\":[{\"@type\":\"ReadAction\",\"target\":[\"https:\/\/www.amazingspace.sk\/pravidla-uzivania-hudobnej-skusobne\/\"]}]},{\"@type\":\"BreadcrumbList\",\"@id\":\"https:\/\/www.amazingspace.sk\/pravidla-uzivania-hudobnej-skusobne\/#breadcrumb\",\"itemListElement\":[{\"@type\":\"ListItem\",\"position\":1,\"name\":\"Domov\",\"item\":\"https:\/\/www.amazingspace.sk\/\"},{\"@type\":\"ListItem\",\"position\":2,\"name\":\"Pravidl\u00e1 u\u017e\u00edvania hudobnej sku\u0161ob\u0148e\"}]},{\"@type\":\"WebSite\",\"@id\":\"https:\/\/www.amazingspace.sk\/#website\",\"url\":\"https:\/\/www.amazingspace.sk\/\",\"name\":\"AMAZING SPACE\",\"description\":\"NAHR\u00c1VACIE \u0160T\u00daDIO | AMAZING SPACE\",\"publisher\":{\"@id\":\"https:\/\/www.amazingspace.sk\/#organization\"},\"potentialAction\":[{\"@type\":\"SearchAction\",\"target\":{\"@type\":\"EntryPoint\",\"urlTemplate\":\"https:\/\/www.amazingspace.sk\/?s={search_term_string}\"},\"query-input\":\"required name=search_term_string\"}],\"inLanguage\":\"en-GB\"},{\"@type\":\"Organization\",\"@id\":\"https:\/\/www.amazingspace.sk\/#organization\",\"name\":\"NAHR\u00c1VACIE \u0160T\u00daDIO\",\"url\":\"https:\/\/www.amazingspace.sk\/\",\"logo\":{\"@type\":\"ImageObject\",\"inLanguage\":\"en-GB\",\"@id\":\"https:\/\/www.amazingspace.sk\/#\/schema\/logo\/image\/\",\"url\":\"https:\/\/www.amazingspace.sk\/wp-content\/uploads\/2024\/12\/AMAZING.png\",\"contentUrl\":\"https:\/\/www.amazingspace.sk\/wp-content\/uploads\/2024\/12\/AMAZING.png\",\"width\":500,\"height\":500,\"caption\":\"NAHR\u00c1VACIE \u0160T\u00daDIO\"},\"image\":{\"@id\":\"https:\/\/www.amazingspace.sk\/#\/schema\/logo\/image\/\"},\"sameAs\":[\"https:\/\/www.facebook.com\/profile.php?id=61552328046316&sk=about\",\"https:\/\/www.instagram.com\/amazingspace.sk\/\"]}]}<\/script>\n<!-- \/ Yoast SEO plugin. -->","yoast_head_json":{"title":"Pravidl\u00e1 u\u017e\u00edvania hudobnej sku\u0161ob\u0148e | NAHR\u00c1VACIE \u0160T\u00daDIO","robots":{"index":"noindex","follow":"nofollow"},"og_locale":"en_GB","og_type":"article","og_title":"Pravidl\u00e1 u\u017e\u00edvania hudobnej sku\u0161ob\u0148e | NAHR\u00c1VACIE \u0160T\u00daDIO","og_description":"\u010cl\u00e1nok I. \u2013 V\u0161eobecn\u00e9 ustanovenie a vymedzenie pojmov Pren\u00e1jom priestoru a nahr\u00e1vacieho \u0161t\u00fadia prostredn\u00edctvom internetovej str\u00e1nky prenaj\u00edmate\u013ea (https:\/\/amazingspace.sk\/) m\u00f4\u017eu uskuto\u010d\u0148ova\u0165 fyzick\u00e9 a pr\u00e1vnick\u00e9 osoby bez obmedzenia. Prenaj\u00edmate\u013eom je spolo\u010dnos\u0165 KADMEDIA s. r. o. , so s\u00eddlom Bratislava &#8211; mestsk\u00e1 \u010das\u0165 Petr\u017ealka &nbsp;85101, I\u010cO: 44112840, zap\u00edsan\u00e1 v registri okresn\u00e9ho \u00faradu Bratislava, \u010d.: 110-287809 156747\/B. N\u00e1jomcom je [&hellip;]","og_url":"https:\/\/www.amazingspace.sk\/en\/pravidla-uzivania-hudobnej-skusobne\/","og_site_name":"NAHR\u00c1VACIE \u0160T\u00daDIO","article_publisher":"https:\/\/www.facebook.com\/profile.php?id=61552328046316&sk=about","article_modified_time":"2026-02-01T01:18:24+00:00","twitter_card":"summary_large_image","twitter_misc":{"Estimated reading time":"4 minutes"},"schema":{"@context":"https:\/\/schema.org","@graph":[{"@type":"WebPage","@id":"https:\/\/www.amazingspace.sk\/pravidla-uzivania-hudobnej-skusobne\/","url":"https:\/\/www.amazingspace.sk\/pravidla-uzivania-hudobnej-skusobne\/","name":"Pravidl\u00e1 u\u017e\u00edvania hudobnej sku\u0161ob\u0148e | NAHR\u00c1VACIE \u0160T\u00daDIO","isPartOf":{"@id":"https:\/\/www.amazingspace.sk\/#website"},"datePublished":"2025-04-23T11:18:27+00:00","dateModified":"2026-02-01T01:18:24+00:00","breadcrumb":{"@id":"https:\/\/www.amazingspace.sk\/pravidla-uzivania-hudobnej-skusobne\/#breadcrumb"},"inLanguage":"en-GB","potentialAction":[{"@type":"ReadAction","target":["https:\/\/www.amazingspace.sk\/pravidla-uzivania-hudobnej-skusobne\/"]}]},{"@type":"BreadcrumbList","@id":"https:\/\/www.amazingspace.sk\/pravidla-uzivania-hudobnej-skusobne\/#breadcrumb","itemListElement":[{"@type":"ListItem","position":1,"name":"Domov","item":"https:\/\/www.amazingspace.sk\/"},{"@type":"ListItem","position":2,"name":"Pravidl\u00e1 u\u017e\u00edvania hudobnej sku\u0161ob\u0148e"}]},{"@type":"WebSite","@id":"https:\/\/www.amazingspace.sk\/#website","url":"https:\/\/www.amazingspace.sk\/","name":"AMAZING SPACE","description":"NAHR\u00c1VACIE \u0160T\u00daDIO | AMAZING SPACE","publisher":{"@id":"https:\/\/www.amazingspace.sk\/#organization"},"potentialAction":[{"@type":"SearchAction","target":{"@type":"EntryPoint","urlTemplate":"https:\/\/www.amazingspace.sk\/?s={search_term_string}"},"query-input":"required name=search_term_string"}],"inLanguage":"en-GB"},{"@type":"Organization","@id":"https:\/\/www.amazingspace.sk\/#organization","name":"NAHR\u00c1VACIE \u0160T\u00daDIO","url":"https:\/\/www.amazingspace.sk\/","logo":{"@type":"ImageObject","inLanguage":"en-GB","@id":"https:\/\/www.amazingspace.sk\/#\/schema\/logo\/image\/","url":"https:\/\/www.amazingspace.sk\/wp-content\/uploads\/2024\/12\/AMAZING.png","contentUrl":"https:\/\/www.amazingspace.sk\/wp-content\/uploads\/2024\/12\/AMAZING.png","width":500,"height":500,"caption":"NAHR\u00c1VACIE \u0160T\u00daDIO"},"image":{"@id":"https:\/\/www.amazingspace.sk\/#\/schema\/logo\/image\/"},"sameAs":["https:\/\/www.facebook.com\/profile.php?id=61552328046316&sk=about","https:\/\/www.instagram.com\/amazingspace.sk\/"]}]}},"_links":{"self":[{"href":"https:\/\/www.amazingspace.sk\/en\/wp-json\/wp\/v2\/pages\/1688"}],"collection":[{"href":"https:\/\/www.amazingspace.sk\/en\/wp-json\/wp\/v2\/pages"}],"about":[{"href":"https:\/\/www.amazingspace.sk\/en\/wp-json\/wp\/v2\/types\/page"}],"author":[{"embeddable":true,"href":"https:\/\/www.amazingspace.sk\/en\/wp-json\/wp\/v2\/users\/1"}],"replies":[{"embeddable":true,"href":"https:\/\/www.amazingspace.sk\/en\/wp-json\/wp\/v2\/comments?post=1688"}],"version-history":[{"count":6,"href":"https:\/\/www.amazingspace.sk\/en\/wp-json\/wp\/v2\/pages\/1688\/revisions"}],"predecessor-version":[{"id":2304,"href":"https:\/\/www.amazingspace.sk\/en\/wp-json\/wp\/v2\/pages\/1688\/revisions\/2304"}],"wp:attachment":[{"href":"https:\/\/www.amazingspace.sk\/en\/wp-json\/wp\/v2\/media?parent=1688"}],"curies":[{"name":"wp","href":"https:\/\/api.w.org\/{rel}","templated":true}]}}