{"id":1683,"date":"2025-04-17T11:07:19","date_gmt":"2025-04-17T09:07:19","guid":{"rendered":"https:\/\/www.amazingspace.sk\/?page_id=1683"},"modified":"2025-04-17T11:07:20","modified_gmt":"2025-04-17T09:07:20","slug":"spracovanie-osobnych-udajov-pre-marketingove-ucely","status":"publish","type":"page","link":"https:\/\/www.amazingspace.sk\/en\/spracovanie-osobnych-udajov-pre-marketingove-ucely\/","title":{"rendered":"Spracovanie osobn\u00fdch \u00fadajov pre marketingov\u00e9 \u00fa\u010dely\u00a0"},"content":{"rendered":"<p>Poskytovate\u013eom slu\u017eby\/tovaru, ktorej d\u00e1vate s\u00fahlas na vyu\u017e\u00edvanie Va\u0161ich \u00fadajov na marketingov\u00e9 \u00fa\u010dely je spolo\u010dnos\u0165&nbsp;<strong>KADMEDIA s. r. o.<\/strong>&nbsp;u ktorej si pr\u00e1ve objedn\u00e1vate slu\u017ebu\/tovar resp. rob\u00edte rezerv\u00e1ciu term\u00ednu. Len t\u00e1to firma bude vyu\u017e\u00edva\u0165 Va\u0161e osobn\u00e9 \u00fadaje na marketingov\u00e9 aktivity svojich tovarov a slu\u017eieb.<\/p>\n\n\n\n<p>Priamy marketing bude vykon\u00e1van\u00fd najm\u00e4 emailov\u00fdmi spr\u00e1vami, SMS spr\u00e1vami \u010di in\u00fdmi druhmi spr\u00e1v a inou formou komunik\u00e1cie, ktor\u00e9 umo\u017e\u0148uj\u00fa aktu\u00e1lne aplik\u00e1cie, pri\u010dom vyu\u017e\u00edvan\u00fdmi kontaktn\u00fdmi \u00fadajmi bud\u00fa V\u00e1\u0161 email a poskytnut\u00e9 telef\u00f3nne \u010d\u00edslo.<br>Tu udelen\u00fd s\u00fahlas m\u00f4\u017eete kedyko\u013evek odvola\u0165 zaslan\u00edm Va\u0161ej po\u017eiadavky na email: info@amazingspace.sk<\/p>","protected":false},"excerpt":{"rendered":"<p>Poskytovate\u013eom slu\u017eby\/tovaru, ktorej d\u00e1vate s\u00fahlas na vyu\u017e\u00edvanie Va\u0161ich \u00fadajov na marketingov\u00e9 \u00fa\u010dely je spolo\u010dnos\u0165&nbsp;KADMEDIA s. r. o.&nbsp;u ktorej si pr\u00e1ve objedn\u00e1vate slu\u017ebu\/tovar resp. rob\u00edte rezerv\u00e1ciu term\u00ednu. Len t\u00e1to firma bude vyu\u017e\u00edva\u0165 Va\u0161e osobn\u00e9 \u00fadaje na marketingov\u00e9 aktivity svojich tovarov a slu\u017eieb. Priamy marketing bude vykon\u00e1van\u00fd najm\u00e4 emailov\u00fdmi spr\u00e1vami, SMS spr\u00e1vami \u010di in\u00fdmi druhmi spr\u00e1v a [&hellip;]<\/p>","protected":false},"author":1,"featured_media":0,"parent":0,"menu_order":0,"comment_status":"closed","ping_status":"closed","template":"","meta":{"om_disable_all_campaigns":false,"_monsterinsights_skip_tracking":false,"_monsterinsights_sitenote_active":false,"_monsterinsights_sitenote_note":"","_monsterinsights_sitenote_category":0},"yoast_head":"<!-- This site is optimized with the Yoast SEO plugin v21.1 - https:\/\/yoast.com\/wordpress\/plugins\/seo\/ -->\n<title>Spracovanie osobn\u00fdch \u00fadajov pre marketingov\u00e9 \u00fa\u010dely\u00a0 | NAHR\u00c1VACIE \u0160T\u00daDIO<\/title>\n<meta name=\"robots\" content=\"noindex, nofollow\" \/>\n<meta property=\"og:locale\" content=\"en_GB\" \/>\n<meta property=\"og:type\" content=\"article\" \/>\n<meta property=\"og:title\" content=\"Spracovanie osobn\u00fdch \u00fadajov pre marketingov\u00e9 \u00fa\u010dely\u00a0 | NAHR\u00c1VACIE \u0160T\u00daDIO\" \/>\n<meta property=\"og:description\" content=\"Poskytovate\u013eom slu\u017eby\/tovaru, ktorej d\u00e1vate s\u00fahlas na vyu\u017e\u00edvanie Va\u0161ich \u00fadajov na marketingov\u00e9 \u00fa\u010dely je spolo\u010dnos\u0165&nbsp;KADMEDIA s. r. o.&nbsp;u ktorej si pr\u00e1ve objedn\u00e1vate slu\u017ebu\/tovar resp. rob\u00edte rezerv\u00e1ciu term\u00ednu. Len t\u00e1to firma bude vyu\u017e\u00edva\u0165 Va\u0161e osobn\u00e9 \u00fadaje na marketingov\u00e9 aktivity svojich tovarov a slu\u017eieb. Priamy marketing bude vykon\u00e1van\u00fd najm\u00e4 emailov\u00fdmi spr\u00e1vami, SMS spr\u00e1vami \u010di in\u00fdmi druhmi spr\u00e1v a [&hellip;]\" \/>\n<meta property=\"og:url\" content=\"https:\/\/www.amazingspace.sk\/en\/spracovanie-osobnych-udajov-pre-marketingove-ucely\/\" \/>\n<meta property=\"og:site_name\" content=\"NAHR\u00c1VACIE \u0160T\u00daDIO\" \/>\n<meta property=\"article:publisher\" content=\"https:\/\/www.facebook.com\/profile.php?id=61552328046316&amp;sk=about\" \/>\n<meta property=\"article:modified_time\" content=\"2025-04-17T09:07:20+00:00\" \/>\n<meta name=\"twitter:card\" content=\"summary_large_image\" \/>\n<meta name=\"twitter:label1\" content=\"Estimated reading time\" \/>\n\t<meta name=\"twitter:data1\" content=\"1 minute\" \/>\n<script type=\"application\/ld+json\" class=\"yoast-schema-graph\">{\"@context\":\"https:\/\/schema.org\",\"@graph\":[{\"@type\":\"WebPage\",\"@id\":\"https:\/\/www.amazingspace.sk\/spracovanie-osobnych-udajov-pre-marketingove-ucely\/\",\"url\":\"https:\/\/www.amazingspace.sk\/spracovanie-osobnych-udajov-pre-marketingove-ucely\/\",\"name\":\"Spracovanie osobn\u00fdch \u00fadajov pre marketingov\u00e9 \u00fa\u010dely\u00a0 | NAHR\u00c1VACIE \u0160T\u00daDIO\",\"isPartOf\":{\"@id\":\"https:\/\/www.amazingspace.sk\/#website\"},\"datePublished\":\"2025-04-17T09:07:19+00:00\",\"dateModified\":\"2025-04-17T09:07:20+00:00\",\"breadcrumb\":{\"@id\":\"https:\/\/www.amazingspace.sk\/spracovanie-osobnych-udajov-pre-marketingove-ucely\/#breadcrumb\"},\"inLanguage\":\"en-GB\",\"potentialAction\":[{\"@type\":\"ReadAction\",\"target\":[\"https:\/\/www.amazingspace.sk\/spracovanie-osobnych-udajov-pre-marketingove-ucely\/\"]}]},{\"@type\":\"BreadcrumbList\",\"@id\":\"https:\/\/www.amazingspace.sk\/spracovanie-osobnych-udajov-pre-marketingove-ucely\/#breadcrumb\",\"itemListElement\":[{\"@type\":\"ListItem\",\"position\":1,\"name\":\"Domov\",\"item\":\"https:\/\/www.amazingspace.sk\/\"},{\"@type\":\"ListItem\",\"position\":2,\"name\":\"Spracovanie osobn\u00fdch \u00fadajov pre marketingov\u00e9 \u00fa\u010dely\u00a0\"}]},{\"@type\":\"WebSite\",\"@id\":\"https:\/\/www.amazingspace.sk\/#website\",\"url\":\"https:\/\/www.amazingspace.sk\/\",\"name\":\"AMAZING SPACE\",\"description\":\"NAHR\u00c1VACIE \u0160T\u00daDIO | AMAZING SPACE\",\"publisher\":{\"@id\":\"https:\/\/www.amazingspace.sk\/#organization\"},\"potentialAction\":[{\"@type\":\"SearchAction\",\"target\":{\"@type\":\"EntryPoint\",\"urlTemplate\":\"https:\/\/www.amazingspace.sk\/?s={search_term_string}\"},\"query-input\":\"required name=search_term_string\"}],\"inLanguage\":\"en-GB\"},{\"@type\":\"Organization\",\"@id\":\"https:\/\/www.amazingspace.sk\/#organization\",\"name\":\"NAHR\u00c1VACIE \u0160T\u00daDIO\",\"url\":\"https:\/\/www.amazingspace.sk\/\",\"logo\":{\"@type\":\"ImageObject\",\"inLanguage\":\"en-GB\",\"@id\":\"https:\/\/www.amazingspace.sk\/#\/schema\/logo\/image\/\",\"url\":\"https:\/\/www.amazingspace.sk\/wp-content\/uploads\/2024\/12\/AMAZING.png\",\"contentUrl\":\"https:\/\/www.amazingspace.sk\/wp-content\/uploads\/2024\/12\/AMAZING.png\",\"width\":500,\"height\":500,\"caption\":\"NAHR\u00c1VACIE \u0160T\u00daDIO\"},\"image\":{\"@id\":\"https:\/\/www.amazingspace.sk\/#\/schema\/logo\/image\/\"},\"sameAs\":[\"https:\/\/www.facebook.com\/profile.php?id=61552328046316&sk=about\",\"https:\/\/www.instagram.com\/amazingspace.sk\/\"]}]}<\/script>\n<!-- \/ Yoast SEO plugin. -->","yoast_head_json":{"title":"Spracovanie osobn\u00fdch \u00fadajov pre marketingov\u00e9 \u00fa\u010dely\u00a0 | NAHR\u00c1VACIE \u0160T\u00daDIO","robots":{"index":"noindex","follow":"nofollow"},"og_locale":"en_GB","og_type":"article","og_title":"Spracovanie osobn\u00fdch \u00fadajov pre marketingov\u00e9 \u00fa\u010dely\u00a0 | NAHR\u00c1VACIE \u0160T\u00daDIO","og_description":"Poskytovate\u013eom slu\u017eby\/tovaru, ktorej d\u00e1vate s\u00fahlas na vyu\u017e\u00edvanie Va\u0161ich \u00fadajov na marketingov\u00e9 \u00fa\u010dely je spolo\u010dnos\u0165&nbsp;KADMEDIA s. r. o.&nbsp;u ktorej si pr\u00e1ve objedn\u00e1vate slu\u017ebu\/tovar resp. rob\u00edte rezerv\u00e1ciu term\u00ednu. Len t\u00e1to firma bude vyu\u017e\u00edva\u0165 Va\u0161e osobn\u00e9 \u00fadaje na marketingov\u00e9 aktivity svojich tovarov a slu\u017eieb. Priamy marketing bude vykon\u00e1van\u00fd najm\u00e4 emailov\u00fdmi spr\u00e1vami, SMS spr\u00e1vami \u010di in\u00fdmi druhmi spr\u00e1v a [&hellip;]","og_url":"https:\/\/www.amazingspace.sk\/en\/spracovanie-osobnych-udajov-pre-marketingove-ucely\/","og_site_name":"NAHR\u00c1VACIE \u0160T\u00daDIO","article_publisher":"https:\/\/www.facebook.com\/profile.php?id=61552328046316&sk=about","article_modified_time":"2025-04-17T09:07:20+00:00","twitter_card":"summary_large_image","twitter_misc":{"Estimated reading time":"1 minute"},"schema":{"@context":"https:\/\/schema.org","@graph":[{"@type":"WebPage","@id":"https:\/\/www.amazingspace.sk\/spracovanie-osobnych-udajov-pre-marketingove-ucely\/","url":"https:\/\/www.amazingspace.sk\/spracovanie-osobnych-udajov-pre-marketingove-ucely\/","name":"Spracovanie osobn\u00fdch \u00fadajov pre marketingov\u00e9 \u00fa\u010dely\u00a0 | NAHR\u00c1VACIE \u0160T\u00daDIO","isPartOf":{"@id":"https:\/\/www.amazingspace.sk\/#website"},"datePublished":"2025-04-17T09:07:19+00:00","dateModified":"2025-04-17T09:07:20+00:00","breadcrumb":{"@id":"https:\/\/www.amazingspace.sk\/spracovanie-osobnych-udajov-pre-marketingove-ucely\/#breadcrumb"},"inLanguage":"en-GB","potentialAction":[{"@type":"ReadAction","target":["https:\/\/www.amazingspace.sk\/spracovanie-osobnych-udajov-pre-marketingove-ucely\/"]}]},{"@type":"BreadcrumbList","@id":"https:\/\/www.amazingspace.sk\/spracovanie-osobnych-udajov-pre-marketingove-ucely\/#breadcrumb","itemListElement":[{"@type":"ListItem","position":1,"name":"Domov","item":"https:\/\/www.amazingspace.sk\/"},{"@type":"ListItem","position":2,"name":"Spracovanie osobn\u00fdch \u00fadajov pre marketingov\u00e9 \u00fa\u010dely\u00a0"}]},{"@type":"WebSite","@id":"https:\/\/www.amazingspace.sk\/#website","url":"https:\/\/www.amazingspace.sk\/","name":"AMAZING SPACE","description":"NAHR\u00c1VACIE \u0160T\u00daDIO | AMAZING SPACE","publisher":{"@id":"https:\/\/www.amazingspace.sk\/#organization"},"potentialAction":[{"@type":"SearchAction","target":{"@type":"EntryPoint","urlTemplate":"https:\/\/www.amazingspace.sk\/?s={search_term_string}"},"query-input":"required name=search_term_string"}],"inLanguage":"en-GB"},{"@type":"Organization","@id":"https:\/\/www.amazingspace.sk\/#organization","name":"NAHR\u00c1VACIE \u0160T\u00daDIO","url":"https:\/\/www.amazingspace.sk\/","logo":{"@type":"ImageObject","inLanguage":"en-GB","@id":"https:\/\/www.amazingspace.sk\/#\/schema\/logo\/image\/","url":"https:\/\/www.amazingspace.sk\/wp-content\/uploads\/2024\/12\/AMAZING.png","contentUrl":"https:\/\/www.amazingspace.sk\/wp-content\/uploads\/2024\/12\/AMAZING.png","width":500,"height":500,"caption":"NAHR\u00c1VACIE \u0160T\u00daDIO"},"image":{"@id":"https:\/\/www.amazingspace.sk\/#\/schema\/logo\/image\/"},"sameAs":["https:\/\/www.facebook.com\/profile.php?id=61552328046316&sk=about","https:\/\/www.instagram.com\/amazingspace.sk\/"]}]}},"_links":{"self":[{"href":"https:\/\/www.amazingspace.sk\/en\/wp-json\/wp\/v2\/pages\/1683"}],"collection":[{"href":"https:\/\/www.amazingspace.sk\/en\/wp-json\/wp\/v2\/pages"}],"about":[{"href":"https:\/\/www.amazingspace.sk\/en\/wp-json\/wp\/v2\/types\/page"}],"author":[{"embeddable":true,"href":"https:\/\/www.amazingspace.sk\/en\/wp-json\/wp\/v2\/users\/1"}],"replies":[{"embeddable":true,"href":"https:\/\/www.amazingspace.sk\/en\/wp-json\/wp\/v2\/comments?post=1683"}],"version-history":[{"count":1,"href":"https:\/\/www.amazingspace.sk\/en\/wp-json\/wp\/v2\/pages\/1683\/revisions"}],"predecessor-version":[{"id":1684,"href":"https:\/\/www.amazingspace.sk\/en\/wp-json\/wp\/v2\/pages\/1683\/revisions\/1684"}],"wp:attachment":[{"href":"https:\/\/www.amazingspace.sk\/en\/wp-json\/wp\/v2\/media?parent=1683"}],"curies":[{"name":"wp","href":"https:\/\/api.w.org\/{rel}","templated":true}]}}