{"id":1661,"date":"2025-04-03T10:23:24","date_gmt":"2025-04-03T08:23:24","guid":{"rendered":"https:\/\/www.amazingspace.sk\/?page_id=1661"},"modified":"2025-04-03T10:24:07","modified_gmt":"2025-04-03T08:24:07","slug":"drumfest","status":"publish","type":"page","link":"https:\/\/www.amazingspace.sk\/en\/drumfest\/","title":{"rendered":"DRUMFEST"},"content":{"rendered":"<!DOCTYPE html>\n<html lang=\"sk\">\n<head>\n  <meta charset=\"UTF-8\">\n  <meta http-equiv=\"refresh\" content=\"0; url=https:\/\/www.amazingspace.sk\/hodinova-skusobna\/\">\n  <title>Presmerovanie&#8230;<\/title>\n<\/head>\n<body>\n  <p>Presmerov\u00e1vam v\u00e1s na <a href=\"https:\/\/www.amazingspace.sk\/en\/hodinova-skusobna\/\">https:\/\/www.amazingspace.sk\/hodinova-skusobna\/<\/a><\/p>\n<\/body>\n<\/html>","protected":false},"excerpt":{"rendered":"<p>Presmerovanie&#8230; Presmerov\u00e1vam v\u00e1s na https:\/\/www.amazingspace.sk\/hodinova-skusobna\/<\/p>","protected":false},"author":1,"featured_media":0,"parent":0,"menu_order":0,"comment_status":"closed","ping_status":"closed","template":"","meta":{"om_disable_all_campaigns":false,"_monsterinsights_skip_tracking":false,"_monsterinsights_sitenote_active":false,"_monsterinsights_sitenote_note":"","_monsterinsights_sitenote_category":0},"yoast_head":"<!-- This site is optimized with the Yoast SEO plugin v21.1 - https:\/\/yoast.com\/wordpress\/plugins\/seo\/ -->\n<title>DRUMFEST | NAHR\u00c1VACIE \u0160T\u00daDIO<\/title>\n<meta name=\"robots\" content=\"index, follow, max-snippet:-1, max-image-preview:large, max-video-preview:-1\" \/>\n<link rel=\"canonical\" href=\"https:\/\/www.amazingspace.sk\/en\/drumfest\/\" \/>\n<meta property=\"og:locale\" content=\"en_GB\" \/>\n<meta property=\"og:type\" content=\"article\" \/>\n<meta property=\"og:title\" content=\"DRUMFEST | NAHR\u00c1VACIE \u0160T\u00daDIO\" \/>\n<meta property=\"og:description\" content=\"Presmerovanie&#8230; Presmerov\u00e1vam v\u00e1s na https:\/\/www.amazingspace.sk\/hodinova-skusobna\/\" \/>\n<meta property=\"og:url\" content=\"https:\/\/www.amazingspace.sk\/en\/drumfest\/\" \/>\n<meta property=\"og:site_name\" content=\"NAHR\u00c1VACIE \u0160T\u00daDIO\" \/>\n<meta property=\"article:publisher\" content=\"https:\/\/www.facebook.com\/profile.php?id=61552328046316&amp;sk=about\" \/>\n<meta property=\"article:modified_time\" content=\"2025-04-03T08:24:07+00:00\" \/>\n<meta name=\"twitter:card\" content=\"summary_large_image\" \/>\n<meta name=\"twitter:label1\" content=\"Estimated reading time\" \/>\n\t<meta name=\"twitter:data1\" content=\"1 minute\" \/>\n<script type=\"application\/ld+json\" class=\"yoast-schema-graph\">{\"@context\":\"https:\/\/schema.org\",\"@graph\":[{\"@type\":\"WebPage\",\"@id\":\"https:\/\/www.amazingspace.sk\/drumfest\/\",\"url\":\"https:\/\/www.amazingspace.sk\/drumfest\/\",\"name\":\"DRUMFEST | NAHR\u00c1VACIE \u0160T\u00daDIO\",\"isPartOf\":{\"@id\":\"https:\/\/www.amazingspace.sk\/#website\"},\"datePublished\":\"2025-04-03T08:23:24+00:00\",\"dateModified\":\"2025-04-03T08:24:07+00:00\",\"breadcrumb\":{\"@id\":\"https:\/\/www.amazingspace.sk\/drumfest\/#breadcrumb\"},\"inLanguage\":\"en-GB\",\"potentialAction\":[{\"@type\":\"ReadAction\",\"target\":[\"https:\/\/www.amazingspace.sk\/drumfest\/\"]}]},{\"@type\":\"BreadcrumbList\",\"@id\":\"https:\/\/www.amazingspace.sk\/drumfest\/#breadcrumb\",\"itemListElement\":[{\"@type\":\"ListItem\",\"position\":1,\"name\":\"Domov\",\"item\":\"https:\/\/www.amazingspace.sk\/\"},{\"@type\":\"ListItem\",\"position\":2,\"name\":\"DRUMFEST\"}]},{\"@type\":\"WebSite\",\"@id\":\"https:\/\/www.amazingspace.sk\/#website\",\"url\":\"https:\/\/www.amazingspace.sk\/\",\"name\":\"AMAZING SPACE\",\"description\":\"NAHR\u00c1VACIE \u0160T\u00daDIO | AMAZING SPACE\",\"publisher\":{\"@id\":\"https:\/\/www.amazingspace.sk\/#organization\"},\"potentialAction\":[{\"@type\":\"SearchAction\",\"target\":{\"@type\":\"EntryPoint\",\"urlTemplate\":\"https:\/\/www.amazingspace.sk\/?s={search_term_string}\"},\"query-input\":\"required name=search_term_string\"}],\"inLanguage\":\"en-GB\"},{\"@type\":\"Organization\",\"@id\":\"https:\/\/www.amazingspace.sk\/#organization\",\"name\":\"NAHR\u00c1VACIE \u0160T\u00daDIO\",\"url\":\"https:\/\/www.amazingspace.sk\/\",\"logo\":{\"@type\":\"ImageObject\",\"inLanguage\":\"en-GB\",\"@id\":\"https:\/\/www.amazingspace.sk\/#\/schema\/logo\/image\/\",\"url\":\"https:\/\/www.amazingspace.sk\/wp-content\/uploads\/2024\/12\/AMAZING.png\",\"contentUrl\":\"https:\/\/www.amazingspace.sk\/wp-content\/uploads\/2024\/12\/AMAZING.png\",\"width\":500,\"height\":500,\"caption\":\"NAHR\u00c1VACIE \u0160T\u00daDIO\"},\"image\":{\"@id\":\"https:\/\/www.amazingspace.sk\/#\/schema\/logo\/image\/\"},\"sameAs\":[\"https:\/\/www.facebook.com\/profile.php?id=61552328046316&sk=about\",\"https:\/\/www.instagram.com\/amazingspace.sk\/\"]}]}<\/script>\n<!-- \/ Yoast SEO plugin. -->","yoast_head_json":{"title":"DRUMFEST | NAHR\u00c1VACIE \u0160T\u00daDIO","robots":{"index":"index","follow":"follow","max-snippet":"max-snippet:-1","max-image-preview":"max-image-preview:large","max-video-preview":"max-video-preview:-1"},"canonical":"https:\/\/www.amazingspace.sk\/en\/drumfest\/","og_locale":"en_GB","og_type":"article","og_title":"DRUMFEST | NAHR\u00c1VACIE \u0160T\u00daDIO","og_description":"Presmerovanie&#8230; Presmerov\u00e1vam v\u00e1s na https:\/\/www.amazingspace.sk\/hodinova-skusobna\/","og_url":"https:\/\/www.amazingspace.sk\/en\/drumfest\/","og_site_name":"NAHR\u00c1VACIE \u0160T\u00daDIO","article_publisher":"https:\/\/www.facebook.com\/profile.php?id=61552328046316&sk=about","article_modified_time":"2025-04-03T08:24:07+00:00","twitter_card":"summary_large_image","twitter_misc":{"Estimated reading time":"1 minute"},"schema":{"@context":"https:\/\/schema.org","@graph":[{"@type":"WebPage","@id":"https:\/\/www.amazingspace.sk\/drumfest\/","url":"https:\/\/www.amazingspace.sk\/drumfest\/","name":"DRUMFEST | NAHR\u00c1VACIE \u0160T\u00daDIO","isPartOf":{"@id":"https:\/\/www.amazingspace.sk\/#website"},"datePublished":"2025-04-03T08:23:24+00:00","dateModified":"2025-04-03T08:24:07+00:00","breadcrumb":{"@id":"https:\/\/www.amazingspace.sk\/drumfest\/#breadcrumb"},"inLanguage":"en-GB","potentialAction":[{"@type":"ReadAction","target":["https:\/\/www.amazingspace.sk\/drumfest\/"]}]},{"@type":"BreadcrumbList","@id":"https:\/\/www.amazingspace.sk\/drumfest\/#breadcrumb","itemListElement":[{"@type":"ListItem","position":1,"name":"Domov","item":"https:\/\/www.amazingspace.sk\/"},{"@type":"ListItem","position":2,"name":"DRUMFEST"}]},{"@type":"WebSite","@id":"https:\/\/www.amazingspace.sk\/#website","url":"https:\/\/www.amazingspace.sk\/","name":"AMAZING SPACE","description":"NAHR\u00c1VACIE \u0160T\u00daDIO | AMAZING SPACE","publisher":{"@id":"https:\/\/www.amazingspace.sk\/#organization"},"potentialAction":[{"@type":"SearchAction","target":{"@type":"EntryPoint","urlTemplate":"https:\/\/www.amazingspace.sk\/?s={search_term_string}"},"query-input":"required name=search_term_string"}],"inLanguage":"en-GB"},{"@type":"Organization","@id":"https:\/\/www.amazingspace.sk\/#organization","name":"NAHR\u00c1VACIE \u0160T\u00daDIO","url":"https:\/\/www.amazingspace.sk\/","logo":{"@type":"ImageObject","inLanguage":"en-GB","@id":"https:\/\/www.amazingspace.sk\/#\/schema\/logo\/image\/","url":"https:\/\/www.amazingspace.sk\/wp-content\/uploads\/2024\/12\/AMAZING.png","contentUrl":"https:\/\/www.amazingspace.sk\/wp-content\/uploads\/2024\/12\/AMAZING.png","width":500,"height":500,"caption":"NAHR\u00c1VACIE \u0160T\u00daDIO"},"image":{"@id":"https:\/\/www.amazingspace.sk\/#\/schema\/logo\/image\/"},"sameAs":["https:\/\/www.facebook.com\/profile.php?id=61552328046316&sk=about","https:\/\/www.instagram.com\/amazingspace.sk\/"]}]}},"_links":{"self":[{"href":"https:\/\/www.amazingspace.sk\/en\/wp-json\/wp\/v2\/pages\/1661"}],"collection":[{"href":"https:\/\/www.amazingspace.sk\/en\/wp-json\/wp\/v2\/pages"}],"about":[{"href":"https:\/\/www.amazingspace.sk\/en\/wp-json\/wp\/v2\/types\/page"}],"author":[{"embeddable":true,"href":"https:\/\/www.amazingspace.sk\/en\/wp-json\/wp\/v2\/users\/1"}],"replies":[{"embeddable":true,"href":"https:\/\/www.amazingspace.sk\/en\/wp-json\/wp\/v2\/comments?post=1661"}],"version-history":[{"count":2,"href":"https:\/\/www.amazingspace.sk\/en\/wp-json\/wp\/v2\/pages\/1661\/revisions"}],"predecessor-version":[{"id":1664,"href":"https:\/\/www.amazingspace.sk\/en\/wp-json\/wp\/v2\/pages\/1661\/revisions\/1664"}],"wp:attachment":[{"href":"https:\/\/www.amazingspace.sk\/en\/wp-json\/wp\/v2\/media?parent=1661"}],"curies":[{"name":"wp","href":"https:\/\/api.w.org\/{rel}","templated":true}]}}